{"id":2,"date":"2023-06-26T16:17:02","date_gmt":"2023-06-26T19:17:02","guid":{"rendered":"http:\/\/bemarketeam.com\/?page_id=2"},"modified":"2023-06-27T13:41:42","modified_gmt":"2023-06-27T16:41:42","slug":"pagina-exemplo","status":"publish","type":"page","link":"https:\/\/bemarketeam.com\/?page_id=2","title":{"rendered":"."},"content":{"rendered":"\n<h2 class=\"wp-block-heading\"><strong>&#8220;O Marketing&#8221; \u00e9 gigante<\/strong><\/h2>\n\n\n\n<p>N\u00e3o h\u00e1 marketing de uma \u00fanica pessoa. <br>Todos, o maior ou menor empres\u00e1rio precisa de um time para construir a sua jornada. Voc\u00ea precisar\u00e1 de algu\u00e9m que te ensine, que seja seu mentor, que te ofere\u00e7a um emprego ou que trabalhe para voc\u00ea. <br>At\u00e9 mesmo a rainha, a pe\u00e7a mais poderosa do jogo de xadrez, depende do seu pe\u00e3o para voltar ao jogo. <br><br>Todo profissional e toda empresa precisa de um time. <br>N\u00e3o \u00e9 diferente para o time de marketing. <\/p>\n\n\n\n<h2 class=\"wp-block-heading\"><strong>&#8220;The Marketing&#8221; is giant<\/strong><\/h2>\n\n\n\n<p>There is no marketing with only one person. <br>Everyone, the greatest or the smallest needs a team to build their journey. <br>You will need someone to teach you, to mentor, to employ you, to work for you. <br>Even the chess queen, the most powerful piece on the chessboard, needs hers pawn to get back to the game. <br><br>Everyone and every company needs a team. <br>Especially a marketing team.<\/p>\n\n\n\n<blockquote class=\"wp-block-quote\">\n<p><\/p>\n<\/blockquote>\n\n\n\n<p><\/p>\n","protected":false},"excerpt":{"rendered":"<p>&#8220;O Marketing&#8221; \u00e9 gigante N\u00e3o h\u00e1 marketing de uma \u00fanica pessoa. Todos, o maior ou menor empres\u00e1rio precisa de um time para construir a sua jornada. Voc\u00ea precisar\u00e1 de algu\u00e9m que te ensine, que seja seu mentor, que te ofere\u00e7a um emprego ou que trabalhe para voc\u00ea. At\u00e9 mesmo a rainha, a pe\u00e7a mais poderosa [&hellip;]<\/p>\n","protected":false},"author":1,"featured_media":0,"parent":0,"menu_order":0,"comment_status":"closed","ping_status":"open","template":"","meta":[],"_links":{"self":[{"href":"https:\/\/bemarketeam.com\/index.php?rest_route=\/wp\/v2\/pages\/2"}],"collection":[{"href":"https:\/\/bemarketeam.com\/index.php?rest_route=\/wp\/v2\/pages"}],"about":[{"href":"https:\/\/bemarketeam.com\/index.php?rest_route=\/wp\/v2\/types\/page"}],"author":[{"embeddable":true,"href":"https:\/\/bemarketeam.com\/index.php?rest_route=\/wp\/v2\/users\/1"}],"replies":[{"embeddable":true,"href":"https:\/\/bemarketeam.com\/index.php?rest_route=%2Fwp%2Fv2%2Fcomments&post=2"}],"version-history":[{"count":2,"href":"https:\/\/bemarketeam.com\/index.php?rest_route=\/wp\/v2\/pages\/2\/revisions"}],"predecessor-version":[{"id":8,"href":"https:\/\/bemarketeam.com\/index.php?rest_route=\/wp\/v2\/pages\/2\/revisions\/8"}],"wp:attachment":[{"href":"https:\/\/bemarketeam.com\/index.php?rest_route=%2Fwp%2Fv2%2Fmedia&parent=2"}],"curies":[{"name":"wp","href":"https:\/\/api.w.org\/{rel}","templated":true}]}}